{"id":1812,"date":"2025-05-01T22:09:43","date_gmt":"2025-05-01T20:09:43","guid":{"rendered":"https:\/\/sklep.localsskateboards.com\/?post_type=product&#038;p=1812"},"modified":"2025-06-28T10:56:54","modified_gmt":"2025-06-28T08:56:54","slug":"10-pack-deckow-z-twoja-grafika","status":"publish","type":"product","link":"https:\/\/sklep.localsskateboards.com\/en\/produkt\/10-pack-deckow-z-twoja-grafika\/","title":{"rendered":"10-pack deck\u00f3w z twoj\u0105 grafik\u0105"},"content":{"rendered":"","protected":false},"excerpt":{"rendered":"<p>10 pack custom print decks:<br \/>\nCzas produkcji 3-4 tygodnie<br \/>\nZ\u0142\u00f3\u017c zam\u00f3wienie, wyslemy ci templet do przygotowania grafiki .<br \/>\nWszystkie rodzaje grafik dost\u0119pne(zdj\u0119cie, full kolor, przezroczyste t\u0142o etc)<br \/>\ndecki: 7 warstw klonu kanadyjskiego,<br \/>\nMedium + concave 14.25 wheelbase<br \/>\nkolorowe warstwy losowo.<br \/>\nwysy\u0142ka EU<\/p>\n","protected":false},"featured_media":1052,"comment_status":"open","ping_status":"closed","template":"","meta":{"site-sidebar-layout":"default","site-content-layout":"","ast-site-content-layout":"default","site-content-style":"default","site-sidebar-style":"default","ast-global-header-display":"","ast-banner-title-visibility":"","ast-main-header-display":"","ast-hfb-above-header-display":"","ast-hfb-below-header-display":"","ast-hfb-mobile-header-display":"","site-post-title":"","ast-breadcrumbs-content":"","ast-featured-img":"","footer-sml-layout":"","ast-disable-related-posts":"","theme-transparent-header-meta":"default","adv-header-id-meta":"","stick-header-meta":"","header-above-stick-meta":"","header-main-stick-meta":"","header-below-stick-meta":"","astra-migrate-meta-layouts":"set","ast-page-background-enabled":"default","ast-page-background-meta":{"desktop":{"background-color":"var(--ast-global-color-4)","background-image":"","background-repeat":"repeat","background-position":"center center","background-size":"auto","background-attachment":"scroll","background-type":"","background-media":"","overlay-type":"","overlay-color":"","overlay-opacity":"","overlay-gradient":""},"tablet":{"background-color":"","background-image":"","background-repeat":"repeat","background-position":"center center","background-size":"auto","background-attachment":"scroll","background-type":"","background-media":"","overlay-type":"","overlay-color":"","overlay-opacity":"","overlay-gradient":""},"mobile":{"background-color":"","background-image":"","background-repeat":"repeat","background-position":"center center","background-size":"auto","background-attachment":"scroll","background-type":"","background-media":"","overlay-type":"","overlay-color":"","overlay-opacity":"","overlay-gradient":""}},"ast-content-background-meta":{"desktop":{"background-color":"var(--ast-global-color-5)","background-image":"","background-repeat":"repeat","background-position":"center center","background-size":"auto","background-attachment":"scroll","background-type":"","background-media":"","overlay-type":"","overlay-color":"","overlay-opacity":"","overlay-gradient":""},"tablet":{"background-color":"var(--ast-global-color-5)","background-image":"","background-repeat":"repeat","background-position":"center center","background-size":"auto","background-attachment":"scroll","background-type":"","background-media":"","overlay-type":"","overlay-color":"","overlay-opacity":"","overlay-gradient":""},"mobile":{"background-color":"var(--ast-global-color-5)","background-image":"","background-repeat":"repeat","background-position":"center center","background-size":"auto","background-attachment":"scroll","background-type":"","background-media":"","overlay-type":"","overlay-color":"","overlay-opacity":"","overlay-gradient":""}}},"product_cat":[15],"product_tag":[],"class_list":{"0":"post-1812","1":"product","2":"type-product","3":"status-publish","4":"has-post-thumbnail","6":"product_cat-kategoria-ogolna","7":"desktop-align-center","8":"tablet-align-left","9":"mobile-align-left","11":"first","12":"instock","13":"sold-individually","14":"shipping-taxable","15":"purchasable","16":"product-type-variable"},"_links":{"self":[{"href":"https:\/\/sklep.localsskateboards.com\/en\/wp-json\/wp\/v2\/product\/1812","targetHints":{"allow":["GET"]}}],"collection":[{"href":"https:\/\/sklep.localsskateboards.com\/en\/wp-json\/wp\/v2\/product"}],"about":[{"href":"https:\/\/sklep.localsskateboards.com\/en\/wp-json\/wp\/v2\/types\/product"}],"replies":[{"embeddable":true,"href":"https:\/\/sklep.localsskateboards.com\/en\/wp-json\/wp\/v2\/comments?post=1812"}],"version-history":[{"count":1,"href":"https:\/\/sklep.localsskateboards.com\/en\/wp-json\/wp\/v2\/product\/1812\/revisions"}],"predecessor-version":[{"id":1813,"href":"https:\/\/sklep.localsskateboards.com\/en\/wp-json\/wp\/v2\/product\/1812\/revisions\/1813"}],"wp:featuredmedia":[{"embeddable":true,"href":"https:\/\/sklep.localsskateboards.com\/en\/wp-json\/wp\/v2\/media\/1052"}],"wp:attachment":[{"href":"https:\/\/sklep.localsskateboards.com\/en\/wp-json\/wp\/v2\/media?parent=1812"}],"wp:term":[{"taxonomy":"product_cat","embeddable":true,"href":"https:\/\/sklep.localsskateboards.com\/en\/wp-json\/wp\/v2\/product_cat?post=1812"},{"taxonomy":"product_tag","embeddable":true,"href":"https:\/\/sklep.localsskateboards.com\/en\/wp-json\/wp\/v2\/product_tag?post=1812"}],"curies":[{"name":"wp","href":"https:\/\/api.w.org\/{rel}","templated":true}]}}